{"id":121,"date":"2025-10-19T18:18:03","date_gmt":"2025-10-19T18:18:03","guid":{"rendered":"https:\/\/entre-les-lignes.ovh\/?page_id=121"},"modified":"2025-10-20T16:43:37","modified_gmt":"2025-10-20T16:43:37","slug":"entre-les-mondes","status":"publish","type":"page","link":"https:\/\/entre-les-lignes.ovh\/index.php\/entre-les-mondes\/","title":{"rendered":"Entre les mondes"},"content":{"rendered":"\t\t<div data-elementor-type=\"wp-page\" data-elementor-id=\"121\" class=\"elementor elementor-121\">\n\t\t\t\t<div class=\"elementor-element elementor-element-832a700 e-flex e-con-boxed e-con e-parent\" data-id=\"832a700\" data-element_type=\"container\" data-settings=\"{&quot;background_background&quot;:&quot;classic&quot;}\">\n\t\t\t\t\t<div class=\"e-con-inner\">\n\t\t\t\t<div class=\"elementor-element elementor-element-b0df11b elementor-widget elementor-widget-heading\" data-id=\"b0df11b\" data-element_type=\"widget\" data-widget_type=\"heading.default\">\n\t\t\t\t\t<h2 class=\"elementor-heading-title elementor-size-default\">Entre les lignes<\/h2>\t\t\t\t<\/div>\n\t\t\t\t<div class=\"elementor-element elementor-element-1068684 elementor-widget elementor-widget-heading\" data-id=\"1068684\" data-element_type=\"widget\" data-widget_type=\"heading.default\">\n\t\t\t\t\t<h2 class=\"elementor-heading-title elementor-size-default\">Des mots, des \u00e9motions, des id\u00e9es. Un peu de tout, un peu de moi.<\/h2>\t\t\t\t<\/div>\n\t\t\t\t\t<\/div>\n\t\t\t\t<\/div>\n\t\t<div class=\"elementor-element elementor-element-16d2fd6 e-flex e-con-boxed e-con e-parent\" data-id=\"16d2fd6\" data-element_type=\"container\">\n\t\t\t\t\t<div class=\"e-con-inner\">\n\t\t\t\t<div class=\"elementor-element elementor-element-fe9e51f elementor-widget-divider--view-line elementor-widget elementor-widget-divider\" data-id=\"fe9e51f\" data-element_type=\"widget\" data-widget_type=\"divider.default\">\n\t\t\t\t\t\t\t<div class=\"elementor-divider\">\n\t\t\t<span class=\"elementor-divider-separator\">\n\t\t\t\t\t\t<\/span>\n\t\t<\/div>\n\t\t\t\t\t\t<\/div>\n\t\t\t\t\t<\/div>\n\t\t\t\t<\/div>\n\t\t<div class=\"elementor-element elementor-element-bce520a e-flex e-con-boxed e-con e-parent\" data-id=\"bce520a\" data-element_type=\"container\">\n\t\t\t\t\t<div class=\"e-con-inner\">\n\t\t\t\t<div class=\"elementor-element elementor-element-cbe7591 elementor-widget elementor-widget-button\" data-id=\"cbe7591\" data-element_type=\"widget\" data-widget_type=\"button.default\">\n\t\t\t\t\t\t\t\t\t\t<a class=\"elementor-button elementor-button-link elementor-size-sm elementor-animation-grow\" href=\"https:\/\/entre-les-lignes.ovh\/index.php\/entre-les-mondes\/\">\n\t\t\t\t\t\t<span class=\"elementor-button-content-wrapper\">\n\t\t\t\t\t\t\t\t\t<span class=\"elementor-button-text\">Entre les mondes<\/span>\n\t\t\t\t\t<\/span>\n\t\t\t\t\t<\/a>\n\t\t\t\t\t\t\t\t<\/div>\n\t\t\t\t<div class=\"elementor-element elementor-element-6edada3 elementor-widget elementor-widget-button\" data-id=\"6edada3\" data-element_type=\"widget\" data-widget_type=\"button.default\">\n\t\t\t\t\t\t\t\t\t\t<a class=\"elementor-button elementor-button-link elementor-size-sm elementor-animation-grow\" href=\"https:\/\/entre-les-lignes.ovh\/index.php\/entre-les-pensees\/\">\n\t\t\t\t\t\t<span class=\"elementor-button-content-wrapper\">\n\t\t\t\t\t\t\t\t\t<span class=\"elementor-button-text\">Entre les pens\u00e9es<\/span>\n\t\t\t\t\t<\/span>\n\t\t\t\t\t<\/a>\n\t\t\t\t\t\t\t\t<\/div>\n\t\t\t\t<div class=\"elementor-element elementor-element-df5d32f elementor-widget elementor-widget-button\" data-id=\"df5d32f\" data-element_type=\"widget\" data-widget_type=\"button.default\">\n\t\t\t\t\t\t\t\t\t\t<a class=\"elementor-button elementor-button-link elementor-size-sm elementor-animation-grow\" href=\"https:\/\/entre-les-lignes.ovh\/index.php\/entre-les-plans\/\">\n\t\t\t\t\t\t<span class=\"elementor-button-content-wrapper\">\n\t\t\t\t\t\t\t\t\t<span class=\"elementor-button-text\">Entre les plans<\/span>\n\t\t\t\t\t<\/span>\n\t\t\t\t\t<\/a>\n\t\t\t\t\t\t\t\t<\/div>\n\t\t\t\t<div class=\"elementor-element elementor-element-5d0a61d elementor-widget elementor-widget-button\" data-id=\"5d0a61d\" data-element_type=\"widget\" data-widget_type=\"button.default\">\n\t\t\t\t\t\t\t\t\t\t<a class=\"elementor-button elementor-button-link elementor-size-sm elementor-animation-grow\" href=\"https:\/\/entre-les-lignes.ovh\/index.php\/acceuil\/\">\n\t\t\t\t\t\t<span class=\"elementor-button-content-wrapper\">\n\t\t\t\t\t\t\t\t\t<span class=\"elementor-button-text\">Accueil<\/span>\n\t\t\t\t\t<\/span>\n\t\t\t\t\t<\/a>\n\t\t\t\t\t\t\t\t<\/div>\n\t\t\t\t\t<\/div>\n\t\t\t\t<\/div>\n\t\t<div class=\"elementor-element elementor-element-e8c9a8d e-flex e-con-boxed e-con e-parent\" data-id=\"e8c9a8d\" data-element_type=\"container\">\n\t\t\t\t\t<div class=\"e-con-inner\">\n\t\t\t\t<div class=\"elementor-element elementor-element-bff0781 elementor-widget-divider--view-line elementor-widget elementor-widget-divider\" data-id=\"bff0781\" data-element_type=\"widget\" data-widget_type=\"divider.default\">\n\t\t\t\t\t\t\t<div class=\"elementor-divider\">\n\t\t\t<span class=\"elementor-divider-separator\">\n\t\t\t\t\t\t<\/span>\n\t\t<\/div>\n\t\t\t\t\t\t<\/div>\n\t\t\t\t\t<\/div>\n\t\t\t\t<\/div>\n\t\t<div class=\"elementor-element elementor-element-c2b9955 e-flex e-con-boxed e-con e-parent\" data-id=\"c2b9955\" data-element_type=\"container\" data-settings=\"{&quot;background_background&quot;:&quot;classic&quot;}\">\n\t\t\t\t\t<div class=\"e-con-inner\">\n\t\t\t\t<div class=\"elementor-element elementor-element-fe9c6a5 elementor-widget elementor-widget-heading\" data-id=\"fe9c6a5\" data-element_type=\"widget\" data-widget_type=\"heading.default\">\n\t\t\t\t\t<h2 class=\"elementor-heading-title elementor-size-default\">Entre les mondes<\/h2>\t\t\t\t<\/div>\n\t\t\t\t<div class=\"elementor-element elementor-element-2c99155 elementor-widget elementor-widget-text-editor\" data-id=\"2c99155\" data-element_type=\"widget\" data-widget_type=\"text-editor.default\">\n\t\t\t\t\t\t\t\t\t<p>Un regard attentif port\u00e9 sur le monde qui nous entoure.<br data-start=\"155\" data-end=\"158\" \/>Actualit\u00e9, soci\u00e9t\u00e9 et culture s\u2019y rencontrent, Pr\u00e9sentant ce qui se passe entre les lignes des \u00e9v\u00e9nements, entre les discours, les voix et les mondes qui se rencontres.<\/p>\t\t\t\t\t\t\t\t<\/div>\n\t\t\t\t\t<\/div>\n\t\t\t\t<\/div>\n\t\t<div class=\"elementor-element elementor-element-7c40f60 e-flex e-con-boxed e-con e-parent\" data-id=\"7c40f60\" data-element_type=\"container\">\n\t\t\t\t\t<div class=\"e-con-inner\">\n\t\t\t\t<div class=\"elementor-element elementor-element-09ba155 elementor-widget-divider--view-line elementor-widget elementor-widget-divider\" data-id=\"09ba155\" data-element_type=\"widget\" data-widget_type=\"divider.default\">\n\t\t\t\t\t\t\t<div class=\"elementor-divider\">\n\t\t\t<span class=\"elementor-divider-separator\">\n\t\t\t\t\t\t<\/span>\n\t\t<\/div>\n\t\t\t\t\t\t<\/div>\n\t\t\t\t\t<\/div>\n\t\t\t\t<\/div>\n\t\t<div class=\"elementor-element elementor-element-f8205b0 e-flex e-con-boxed e-con e-parent\" data-id=\"f8205b0\" data-element_type=\"container\" data-settings=\"{&quot;background_background&quot;:&quot;classic&quot;}\">\n\t\t\t\t\t<div class=\"e-con-inner\">\n\t\t\t\t<div class=\"elementor-element elementor-element-1cfd440 elementor-widget elementor-widget-text-editor\" data-id=\"1cfd440\" data-element_type=\"widget\" data-widget_type=\"text-editor.default\">\n\t\t\t\t\t\t\t\t\t<p><strong>\u00ab\u00a0La vie ne peut \u00eatre comprise qu&rsquo;en regardant en arri\u00e8re, mais elle doit \u00eatre v\u00e9cue en regardant en avant.\u00a0\u00bb\u00a0<\/strong><\/p><p><em><strong>Soren kierkegaard<\/strong><\/em><\/p>\t\t\t\t\t\t\t\t<\/div>\n\t\t\t\t\t<\/div>\n\t\t\t\t<\/div>\n\t\t<div class=\"elementor-element elementor-element-8fa0ba9 e-flex e-con-boxed e-con e-parent\" data-id=\"8fa0ba9\" data-element_type=\"container\">\n\t\t\t\t\t<div class=\"e-con-inner\">\n\t\t\t\t<div class=\"elementor-element elementor-element-14555af elementor-widget-divider--view-line elementor-widget elementor-widget-divider\" data-id=\"14555af\" data-element_type=\"widget\" data-widget_type=\"divider.default\">\n\t\t\t\t\t\t\t<div class=\"elementor-divider\">\n\t\t\t<span class=\"elementor-divider-separator\">\n\t\t\t\t\t\t<\/span>\n\t\t<\/div>\n\t\t\t\t\t\t<\/div>\n\t\t\t\t\t<\/div>\n\t\t\t\t<\/div>\n\t\t<div class=\"elementor-element elementor-element-21119da e-flex e-con-boxed e-con e-parent\" data-id=\"21119da\" data-element_type=\"container\" data-settings=\"{&quot;background_background&quot;:&quot;classic&quot;}\">\n\t\t\t\t\t<div class=\"e-con-inner\">\n\t\t\t\t<div class=\"elementor-element elementor-element-183020f elementor-widget-divider--view-line elementor-widget elementor-widget-divider\" data-id=\"183020f\" data-element_type=\"widget\" data-widget_type=\"divider.default\">\n\t\t\t\t\t\t\t<div class=\"elementor-divider\">\n\t\t\t<span class=\"elementor-divider-separator\">\n\t\t\t\t\t\t<\/span>\n\t\t<\/div>\n\t\t\t\t\t\t<\/div>\n\t\t\t\t<div class=\"elementor-element elementor-element-9efe74b elementor-widget elementor-widget-heading\" data-id=\"9efe74b\" data-element_type=\"widget\" data-widget_type=\"heading.default\">\n\t\t\t\t\t<h2 class=\"elementor-heading-title elementor-size-default\">Quelques faits<\/h2>\t\t\t\t<\/div>\n\t\t\t\t<div class=\"elementor-element elementor-element-3938271 elementor-widget elementor-widget-text-editor\" data-id=\"3938271\" data-element_type=\"widget\" data-widget_type=\"text-editor.default\">\n\t\t\t\t\t\t\t\t\t<p><a href=\"https:\/\/www.oxfam.org\/fr\/communiques-presse\/les-1-les-plus-nantis-possedent-plus-de-richesses-que-95-de-lhumanite-alerte?utm_source=openai\" target=\"_blank\" rel=\"noopener\"><span style=\"text-decoration: underline;\">Les 1% les plus riches poss\u00e8dent 45% de la richesse mondiale<\/span><\/a><\/p>\t\t\t\t\t\t\t\t<\/div>\n\t\t\t\t<div class=\"elementor-element elementor-element-c8ea97a elementor-widget elementor-widget-text-editor\" data-id=\"c8ea97a\" data-element_type=\"widget\" data-widget_type=\"text-editor.default\">\n\t\t\t\t\t\t\t\t\t<p><a href=\"https:\/\/www.nationalgeographic.com\/environment\/article\/rain-forests\" target=\"_blank\" rel=\"noopener\"><span style=\"text-decoration: underline;\">Les for\u00eats tropicales abritent plus de la moiti\u00e9 des esp\u00e8ces animales et v\u00e9g\u00e9tales de la plan\u00e8te, tout en produisant 20% de l&rsquo;oxyg\u00e8ne mondial.<\/span><\/a><\/p>\t\t\t\t\t\t\t\t<\/div>\n\t\t\t\t<div class=\"elementor-element elementor-element-75fbb74 elementor-widget-divider--view-line elementor-widget elementor-widget-divider\" data-id=\"75fbb74\" data-element_type=\"widget\" data-widget_type=\"divider.default\">\n\t\t\t\t\t\t\t<div class=\"elementor-divider\">\n\t\t\t<span class=\"elementor-divider-separator\">\n\t\t\t\t\t\t<\/span>\n\t\t<\/div>\n\t\t\t\t\t\t<\/div>\n\t\t\t\t\t<\/div>\n\t\t\t\t<\/div>\n\t\t<div class=\"elementor-element elementor-element-386dbe7 e-flex e-con-boxed e-con e-parent\" data-id=\"386dbe7\" data-element_type=\"container\">\n\t\t\t\t\t<div class=\"e-con-inner\">\n\t\t<div class=\"elementor-element elementor-element-972abbf e-con-full e-flex e-con e-child\" data-id=\"972abbf\" data-element_type=\"container\">\n\t\t\t\t<div class=\"elementor-element elementor-element-9ae318b elementor-position-left elementor-vertical-align-top elementor-widget elementor-widget-image-box\" data-id=\"9ae318b\" data-element_type=\"widget\" data-widget_type=\"image-box.default\">\n\t\t\t\t\t<div class=\"elementor-image-box-wrapper\"><figure class=\"elementor-image-box-img\"><img fetchpriority=\"high\" decoding=\"async\" width=\"640\" height=\"366\" src=\"https:\/\/entre-les-lignes.ovh\/wp-content\/uploads\/2025\/10\/exoplanet-7531986_640.jpg\" class=\"attachment-full size-full wp-image-127\" alt=\"\" srcset=\"https:\/\/entre-les-lignes.ovh\/wp-content\/uploads\/2025\/10\/exoplanet-7531986_640.jpg 640w, https:\/\/entre-les-lignes.ovh\/wp-content\/uploads\/2025\/10\/exoplanet-7531986_640-300x172.jpg 300w\" sizes=\"(max-width: 640px) 100vw, 640px\" \/><\/figure><div class=\"elementor-image-box-content\"><h3 class=\"elementor-image-box-title\">Entre les mondes<\/h3><p class=\"elementor-image-box-description\">Notre \u00e9poque est marqu\u00e9e par les tensions et les dialogues : entre g\u00e9n\u00e9rations, entre cultures, entre id\u00e9ologies. \"Entre les mondes\" d\u00e9crypte l'actualit\u00e9 sous toutes ses facettes, analyse les transformations sociales en profondeur et explore les ph\u00e9nom\u00e8nes culturels qui fa\u00e7onnent nos identit\u00e9s collectives. Des grands enjeux plan\u00e9taires aux micro-r\u00e9volutions du quotidien, cette rubrique pose un regard curieux et critique sur le monde qui nous entoure.<\/p><\/div><\/div>\t\t\t\t<\/div>\n\t\t\t\t<div class=\"elementor-element elementor-element-4bbfa41 elementor-widget-divider--view-line elementor-widget elementor-widget-divider\" data-id=\"4bbfa41\" data-element_type=\"widget\" data-widget_type=\"divider.default\">\n\t\t\t\t\t\t\t<div class=\"elementor-divider\">\n\t\t\t<span class=\"elementor-divider-separator\">\n\t\t\t\t\t\t<\/span>\n\t\t<\/div>\n\t\t\t\t\t\t<\/div>\n\t\t\t\t<\/div>\n\t\t\t\t\t<\/div>\n\t\t\t\t<\/div>\n\t\t<div class=\"elementor-element elementor-element-b822ec9 e-flex e-con-boxed e-con e-parent\" data-id=\"b822ec9\" data-element_type=\"container\" data-settings=\"{&quot;background_background&quot;:&quot;classic&quot;}\">\n\t\t\t\t\t<div class=\"e-con-inner\">\n\t\t\t\t<div class=\"elementor-element elementor-element-0a02e5f elementor-widget elementor-widget-text-editor\" data-id=\"0a02e5f\" data-element_type=\"widget\" data-widget_type=\"text-editor.default\">\n\t\t\t\t\t\t\t\t\t<p><strong>\u00ab\u00a0Agis de fa\u00e7on que les effets de ton action soient compatibles avec la permanence d&rsquo;une vie authentiquement humaine sur terre.\u00a0\u00bb<\/strong><\/p><p><em><strong>Hans Jonas<\/strong><\/em><\/p>\t\t\t\t\t\t\t\t<\/div>\n\t\t\t\t\t<\/div>\n\t\t\t\t<\/div>\n\t\t<div class=\"elementor-element elementor-element-ad31524 e-flex e-con-boxed e-con e-parent\" data-id=\"ad31524\" data-element_type=\"container\">\n\t\t\t\t\t<div class=\"e-con-inner\">\n\t\t\t\t<div class=\"elementor-element elementor-element-9b93822 elementor-widget-divider--view-line elementor-widget elementor-widget-divider\" data-id=\"9b93822\" data-element_type=\"widget\" data-widget_type=\"divider.default\">\n\t\t\t\t\t\t\t<div class=\"elementor-divider\">\n\t\t\t<span class=\"elementor-divider-separator\">\n\t\t\t\t\t\t<\/span>\n\t\t<\/div>\n\t\t\t\t\t\t<\/div>\n\t\t\t\t\t<\/div>\n\t\t\t\t<\/div>\n\t\t<div class=\"elementor-element elementor-element-0874101 e-flex e-con-boxed e-con e-parent\" data-id=\"0874101\" data-element_type=\"container\" data-settings=\"{&quot;background_background&quot;:&quot;classic&quot;}\">\n\t\t\t\t\t<div class=\"e-con-inner\">\n\t\t\t\t<div class=\"elementor-element elementor-element-9b73c74 elementor-widget elementor-widget-heading\" data-id=\"9b73c74\" data-element_type=\"widget\" data-widget_type=\"heading.default\">\n\t\t\t\t\t<h2 class=\"elementor-heading-title elementor-size-default\">Articles<\/h2>\t\t\t\t<\/div>\n\t\t\t\t<div class=\"elementor-element elementor-element-2721296 elementor-widget elementor-widget-text-editor\" data-id=\"2721296\" data-element_type=\"widget\" data-widget_type=\"text-editor.default\">\n\t\t\t\t\t\t\t\t\t<p><span style=\"text-decoration: underline;\"><a href=\"https:\/\/entre-les-lignes.ovh\/index.php\/2025\/10\/20\/18-octobre-la-foule-contre-trump\/\" target=\"_blank\" rel=\"noopener\"><strong>=&gt; 18 octobre : la foule contre Trump<\/strong><\/a><\/span><\/p>\t\t\t\t\t\t\t\t<\/div>\n\t\t\t\t\t<\/div>\n\t\t\t\t<\/div>\n\t\t<div class=\"elementor-element elementor-element-fd58188 e-flex e-con-boxed e-con e-parent\" data-id=\"fd58188\" data-element_type=\"container\">\n\t\t\t\t\t<div class=\"e-con-inner\">\n\t\t\t\t<div class=\"elementor-element elementor-element-62f66bb elementor-widget-divider--view-line elementor-widget elementor-widget-divider\" data-id=\"62f66bb\" data-element_type=\"widget\" data-widget_type=\"divider.default\">\n\t\t\t\t\t\t\t<div class=\"elementor-divider\">\n\t\t\t<span class=\"elementor-divider-separator\">\n\t\t\t\t\t\t<\/span>\n\t\t<\/div>\n\t\t\t\t\t\t<\/div>\n\t\t\t\t<div class=\"elementor-element elementor-element-f1800d1 elementor-widget elementor-widget-heading\" data-id=\"f1800d1\" data-element_type=\"widget\" data-widget_type=\"heading.default\">\n\t\t\t\t\t<h2 class=\"elementor-heading-title elementor-size-default\">Rubriques<\/h2>\t\t\t\t<\/div>\n\t\t\t\t\t<\/div>\n\t\t\t\t<\/div>\n\t\t<div class=\"elementor-element elementor-element-b8b0736 e-flex e-con-boxed e-con e-parent\" data-id=\"b8b0736\" data-element_type=\"container\" data-settings=\"{&quot;background_background&quot;:&quot;classic&quot;}\">\n\t\t\t\t\t<div class=\"e-con-inner\">\n\t\t\t\t<div class=\"elementor-element elementor-element-69ff164 elementor-widget elementor-widget-button\" data-id=\"69ff164\" data-element_type=\"widget\" data-widget_type=\"button.default\">\n\t\t\t\t\t\t\t\t\t\t<a class=\"elementor-button elementor-button-link elementor-size-sm elementor-animation-grow\" href=\"https:\/\/entre-les-lignes.ovh\/index.php\/entre-les-plans\/\">\n\t\t\t\t\t\t<span class=\"elementor-button-content-wrapper\">\n\t\t\t\t\t\t\t\t\t<span class=\"elementor-button-text\">Entre les plans<\/span>\n\t\t\t\t\t<\/span>\n\t\t\t\t\t<\/a>\n\t\t\t\t\t\t\t\t<\/div>\n\t\t\t\t<div class=\"elementor-element elementor-element-fbf2265 elementor-widget elementor-widget-button\" data-id=\"fbf2265\" data-element_type=\"widget\" data-widget_type=\"button.default\">\n\t\t\t\t\t\t\t\t\t\t<a class=\"elementor-button elementor-button-link elementor-size-sm elementor-animation-grow\" href=\"https:\/\/entre-les-lignes.ovh\/index.php\/entre-les-pensees\/\">\n\t\t\t\t\t\t<span class=\"elementor-button-content-wrapper\">\n\t\t\t\t\t\t\t\t\t<span class=\"elementor-button-text\">Entre les pens\u00e9es<\/span>\n\t\t\t\t\t<\/span>\n\t\t\t\t\t<\/a>\n\t\t\t\t\t\t\t\t<\/div>\n\t\t\t\t<div class=\"elementor-element elementor-element-52d0d18 elementor-widget elementor-widget-button\" data-id=\"52d0d18\" data-element_type=\"widget\" data-widget_type=\"button.default\">\n\t\t\t\t\t\t\t\t\t\t<a class=\"elementor-button elementor-button-link elementor-size-sm elementor-animation-grow\" href=\"https:\/\/entre-les-lignes.ovh\/index.php\/entre-les-mondes\/\">\n\t\t\t\t\t\t<span class=\"elementor-button-content-wrapper\">\n\t\t\t\t\t\t\t\t\t<span class=\"elementor-button-text\">Entre les mondes<\/span>\n\t\t\t\t\t<\/span>\n\t\t\t\t\t<\/a>\n\t\t\t\t\t\t\t\t<\/div>\n\t\t\t\t\t<\/div>\n\t\t\t\t<\/div>\n\t\t<div class=\"elementor-element elementor-element-8b516e4 e-flex e-con-boxed e-con e-parent\" data-id=\"8b516e4\" data-element_type=\"container\">\n\t\t\t\t\t<div class=\"e-con-inner\">\n\t\t\t\t<div class=\"elementor-element elementor-element-9e31128 elementor-widget-divider--view-line elementor-widget elementor-widget-divider\" data-id=\"9e31128\" data-element_type=\"widget\" data-widget_type=\"divider.default\">\n\t\t\t\t\t\t\t<div class=\"elementor-divider\">\n\t\t\t<span class=\"elementor-divider-separator\">\n\t\t\t\t\t\t<\/span>\n\t\t<\/div>\n\t\t\t\t\t\t<\/div>\n\t\t\t\t\t<\/div>\n\t\t\t\t<\/div>\n\t\t\t\t<\/div>\n\t\t","protected":false},"excerpt":{"rendered":"<p>Entre les lignes Des mots, des \u00e9motions, des id\u00e9es. Un peu de tout, un peu de moi. Entre les mondes Entre les pens\u00e9es Entre les plans Accueil Entre les mondes Un regard attentif port\u00e9 sur le monde qui nous entoure.Actualit\u00e9, soci\u00e9t\u00e9 et culture s\u2019y rencontrent, Pr\u00e9sentant ce qui se passe entre les lignes des \u00e9v\u00e9nements, [&hellip;]<\/p>\n","protected":false},"author":1,"featured_media":0,"parent":0,"menu_order":0,"comment_status":"closed","ping_status":"closed","template":"elementor_canvas","meta":{"footnotes":""},"class_list":["post-121","page","type-page","status-publish","hentry"],"_links":{"self":[{"href":"https:\/\/entre-les-lignes.ovh\/index.php\/wp-json\/wp\/v2\/pages\/121","targetHints":{"allow":["GET"]}}],"collection":[{"href":"https:\/\/entre-les-lignes.ovh\/index.php\/wp-json\/wp\/v2\/pages"}],"about":[{"href":"https:\/\/entre-les-lignes.ovh\/index.php\/wp-json\/wp\/v2\/types\/page"}],"author":[{"embeddable":true,"href":"https:\/\/entre-les-lignes.ovh\/index.php\/wp-json\/wp\/v2\/users\/1"}],"replies":[{"embeddable":true,"href":"https:\/\/entre-les-lignes.ovh\/index.php\/wp-json\/wp\/v2\/comments?post=121"}],"version-history":[{"count":37,"href":"https:\/\/entre-les-lignes.ovh\/index.php\/wp-json\/wp\/v2\/pages\/121\/revisions"}],"predecessor-version":[{"id":291,"href":"https:\/\/entre-les-lignes.ovh\/index.php\/wp-json\/wp\/v2\/pages\/121\/revisions\/291"}],"wp:attachment":[{"href":"https:\/\/entre-les-lignes.ovh\/index.php\/wp-json\/wp\/v2\/media?parent=121"}],"curies":[{"name":"wp","href":"https:\/\/api.w.org\/{rel}","templated":true}]}}