{"id":31,"date":"2025-10-19T17:00:37","date_gmt":"2025-10-19T17:00:37","guid":{"rendered":"https:\/\/entre-les-lignes.ovh\/?page_id=31"},"modified":"2025-10-19T18:25:23","modified_gmt":"2025-10-19T18:25:23","slug":"acceuil","status":"publish","type":"page","link":"https:\/\/entre-les-lignes.ovh\/","title":{"rendered":"Accueil"},"content":{"rendered":"\t\t<div data-elementor-type=\"wp-page\" data-elementor-id=\"31\" class=\"elementor elementor-31\">\n\t\t\t\t<div class=\"elementor-element elementor-element-31ce5ff e-flex e-con-boxed e-con e-parent\" data-id=\"31ce5ff\" data-element_type=\"container\" data-settings=\"{&quot;background_background&quot;:&quot;classic&quot;}\">\n\t\t\t\t\t<div class=\"e-con-inner\">\n\t\t\t\t<div class=\"elementor-element elementor-element-9e052a0 elementor-widget elementor-widget-heading\" data-id=\"9e052a0\" data-element_type=\"widget\" data-widget_type=\"heading.default\">\n\t\t\t\t\t<h2 class=\"elementor-heading-title elementor-size-default\">Entre les lignes<\/h2>\t\t\t\t<\/div>\n\t\t\t\t<div class=\"elementor-element elementor-element-b651700 elementor-widget elementor-widget-heading\" data-id=\"b651700\" data-element_type=\"widget\" data-widget_type=\"heading.default\">\n\t\t\t\t\t<h2 class=\"elementor-heading-title elementor-size-default\">Des mots, des \u00e9motions, des id\u00e9es. Un peu de tout, un peu de moi.<\/h2>\t\t\t\t<\/div>\n\t\t\t\t\t<\/div>\n\t\t\t\t<\/div>\n\t\t<div class=\"elementor-element elementor-element-24298e1 e-flex e-con-boxed e-con e-parent\" data-id=\"24298e1\" data-element_type=\"container\">\n\t\t\t\t\t<div class=\"e-con-inner\">\n\t\t\t\t<div class=\"elementor-element elementor-element-07946c8 elementor-widget-divider--view-line elementor-widget elementor-widget-divider\" data-id=\"07946c8\" data-element_type=\"widget\" data-widget_type=\"divider.default\">\n\t\t\t\t\t\t\t<div class=\"elementor-divider\">\n\t\t\t<span class=\"elementor-divider-separator\">\n\t\t\t\t\t\t<\/span>\n\t\t<\/div>\n\t\t\t\t\t\t<\/div>\n\t\t\t\t\t<\/div>\n\t\t\t\t<\/div>\n\t\t<div class=\"elementor-element elementor-element-5985b3d e-flex e-con-boxed e-con e-parent\" data-id=\"5985b3d\" data-element_type=\"container\">\n\t\t\t\t\t<div class=\"e-con-inner\">\n\t\t\t\t<div class=\"elementor-element elementor-element-7483071 elementor-widget elementor-widget-button\" data-id=\"7483071\" data-element_type=\"widget\" data-widget_type=\"button.default\">\n\t\t\t\t\t\t\t\t\t\t<a class=\"elementor-button elementor-button-link elementor-size-sm elementor-animation-grow\" href=\"https:\/\/entre-les-lignes.ovh\/index.php\/entre-les-mondes\/\">\n\t\t\t\t\t\t<span class=\"elementor-button-content-wrapper\">\n\t\t\t\t\t\t\t\t\t<span class=\"elementor-button-text\">Entre les mondes<\/span>\n\t\t\t\t\t<\/span>\n\t\t\t\t\t<\/a>\n\t\t\t\t\t\t\t\t<\/div>\n\t\t\t\t<div class=\"elementor-element elementor-element-5bb2454 elementor-widget elementor-widget-button\" data-id=\"5bb2454\" data-element_type=\"widget\" data-widget_type=\"button.default\">\n\t\t\t\t\t\t\t\t\t\t<a class=\"elementor-button elementor-button-link elementor-size-sm elementor-animation-grow\" href=\"https:\/\/entre-les-lignes.ovh\/index.php\/entre-les-pensees\/\">\n\t\t\t\t\t\t<span class=\"elementor-button-content-wrapper\">\n\t\t\t\t\t\t\t\t\t<span class=\"elementor-button-text\">Entre les pens\u00e9es<\/span>\n\t\t\t\t\t<\/span>\n\t\t\t\t\t<\/a>\n\t\t\t\t\t\t\t\t<\/div>\n\t\t\t\t<div class=\"elementor-element elementor-element-d485073 elementor-widget elementor-widget-button\" data-id=\"d485073\" data-element_type=\"widget\" data-widget_type=\"button.default\">\n\t\t\t\t\t\t\t\t\t\t<a class=\"elementor-button elementor-button-link elementor-size-sm elementor-animation-grow\" href=\"https:\/\/entre-les-lignes.ovh\/index.php\/entre-les-plans\/\">\n\t\t\t\t\t\t<span class=\"elementor-button-content-wrapper\">\n\t\t\t\t\t\t\t\t\t<span class=\"elementor-button-text\">Entre les plans<\/span>\n\t\t\t\t\t<\/span>\n\t\t\t\t\t<\/a>\n\t\t\t\t\t\t\t\t<\/div>\n\t\t\t\t<div class=\"elementor-element elementor-element-5d3a959 elementor-widget elementor-widget-button\" data-id=\"5d3a959\" data-element_type=\"widget\" data-widget_type=\"button.default\">\n\t\t\t\t\t\t\t\t\t\t<a class=\"elementor-button elementor-button-link elementor-size-sm elementor-animation-grow\" href=\"#\">\n\t\t\t\t\t\t<span class=\"elementor-button-content-wrapper\">\n\t\t\t\t\t\t\t\t\t<span class=\"elementor-button-text\">Accueil<\/span>\n\t\t\t\t\t<\/span>\n\t\t\t\t\t<\/a>\n\t\t\t\t\t\t\t\t<\/div>\n\t\t\t\t\t<\/div>\n\t\t\t\t<\/div>\n\t\t<div class=\"elementor-element elementor-element-3b2a56a e-flex e-con-boxed e-con e-parent\" data-id=\"3b2a56a\" data-element_type=\"container\">\n\t\t\t\t\t<div class=\"e-con-inner\">\n\t\t\t\t<div class=\"elementor-element elementor-element-4581198 elementor-widget-divider--view-line elementor-widget elementor-widget-divider\" data-id=\"4581198\" data-element_type=\"widget\" data-widget_type=\"divider.default\">\n\t\t\t\t\t\t\t<div class=\"elementor-divider\">\n\t\t\t<span class=\"elementor-divider-separator\">\n\t\t\t\t\t\t<\/span>\n\t\t<\/div>\n\t\t\t\t\t\t<\/div>\n\t\t\t\t\t<\/div>\n\t\t\t\t<\/div>\n\t\t<div class=\"elementor-element elementor-element-fa065c6 e-flex e-con-boxed e-con e-parent\" data-id=\"fa065c6\" data-element_type=\"container\">\n\t\t\t\t\t<div class=\"e-con-inner\">\n\t\t\t\t<div class=\"elementor-element elementor-element-85ad649 elementor-position-left elementor-vertical-align-top elementor-widget elementor-widget-image-box\" data-id=\"85ad649\" data-element_type=\"widget\" data-widget_type=\"image-box.default\">\n\t\t\t\t\t<div class=\"elementor-image-box-wrapper\"><figure class=\"elementor-image-box-img\"><img fetchpriority=\"high\" decoding=\"async\" width=\"1920\" height=\"2560\" src=\"https:\/\/entre-les-lignes.ovh\/wp-content\/uploads\/2025\/10\/IMG_6181-scaled.jpg\" class=\"attachment-full size-full wp-image-45\" alt=\"\" srcset=\"https:\/\/entre-les-lignes.ovh\/wp-content\/uploads\/2025\/10\/IMG_6181-scaled.jpg 1920w, https:\/\/entre-les-lignes.ovh\/wp-content\/uploads\/2025\/10\/IMG_6181-225x300.jpg 225w, https:\/\/entre-les-lignes.ovh\/wp-content\/uploads\/2025\/10\/IMG_6181-768x1024.jpg 768w, https:\/\/entre-les-lignes.ovh\/wp-content\/uploads\/2025\/10\/IMG_6181-1152x1536.jpg 1152w, https:\/\/entre-les-lignes.ovh\/wp-content\/uploads\/2025\/10\/IMG_6181-1536x2048.jpg 1536w\" sizes=\"(max-width: 1920px) 100vw, 1920px\" \/><\/figure><div class=\"elementor-image-box-content\"><h3 class=\"elementor-image-box-title\">Qui suis-je ?<\/h3><p class=\"elementor-image-box-description\">Je suis celle qui aime s\u2019arr\u00eater sur les d\u00e9tails, \u00e9couter les silences et lire entre les lignes du monde qui nous entoure. Sur ce blog, je laisse vagabonder mes pens\u00e9es et mes curiosit\u00e9s : des films qui font r\u00eaver ou frissonner, des musiques qui r\u00e9sonnent au creux de l\u2019\u00e2me, des r\u00e9flexions sur la psychologie et les \u00e9motions humaines, et des regards sur l\u2019actualit\u00e9 et la soci\u00e9t\u00e9. Ici, il n\u2019y a pas de r\u00e8gles, seulement le d\u00e9sir de partager ce qui m\u2019\u00e9meut, m\u2019intrigue, ou me fait r\u00e9fl\u00e9chir, en esp\u00e9rant que mes mots trouveront un \u00e9cho dans vos propres voyages int\u00e9rieurs.<\/p><\/div><\/div>\t\t\t\t<\/div>\n\t\t\t\t<div class=\"elementor-element elementor-element-d82657a elementor-widget-divider--separator-type-pattern elementor-widget-divider--no-spacing elementor-widget-divider--view-line elementor-widget elementor-widget-divider\" data-id=\"d82657a\" data-element_type=\"widget\" data-widget_type=\"divider.default\">\n\t\t\t\t\t\t\t<div class=\"elementor-divider\" style=\"--divider-pattern-url: url(&quot;data:image\/svg+xml,%3Csvg xmlns=&#039;http:\/\/www.w3.org\/2000\/svg&#039; preserveAspectRatio=&#039;xMidYMid meet&#039; overflow=&#039;visible&#039; height=&#039;100%&#039; viewBox=&#039;0 0 126 26&#039; fill=&#039;black&#039; stroke=&#039;none&#039;%3E%3Cpath d=&#039;M3,10.2c2.6,0,2.6,2,2.6,3.2S4.4,16.5,3,16.5s-3-1.4-3-3.2S0.4,10.2,3,10.2z M18.8,10.2c1.7,0,3.2,1.4,3.2,3.2s-1.4,3.2-3.2,3.2c-1.7,0-3.2-1.4-3.2-3.2S17,10.2,18.8,10.2z M34.6,10.2c1.5,0,2.6,1.4,2.6,3.2s-0.5,3.2-1.9,3.2c-1.5,0-3.4-1.4-3.4-3.2S33.1,10.2,34.6,10.2z M50.5,10.2c1.7,0,3.2,1.4,3.2,3.2s-1.4,3.2-3.2,3.2c-1.7,0-3.3-0.9-3.3-2.6S48.7,10.2,50.5,10.2z M66.2,10.2c1.5,0,3.4,1.4,3.4,3.2s-1.9,3.2-3.4,3.2c-1.5,0-2.6-0.4-2.6-2.1S64.8,10.2,66.2,10.2z M82.2,10.2c1.7,0.8,2.6,1.4,2.6,3.2s-0.1,3.2-1.6,3.2c-1.5,0-3.7-1.4-3.7-3.2S80.5,9.4,82.2,10.2zM98.6,10.2c1.5,0,2.6,0.4,2.6,2.1s-1.2,4.2-2.6,4.2c-1.5,0-3.7-0.4-3.7-2.1S97.1,10.2,98.6,10.2z M113.4,10.2c1.2,0,2.2,0.9,2.2,3.2s-0.1,3.2-1.3,3.2s-3.1-1.4-3.1-3.2S112.2,10.2,113.4,10.2z&#039;\/%3E%3C\/svg%3E&quot;);\">\n\t\t\t<span class=\"elementor-divider-separator\">\n\t\t\t\t\t\t<\/span>\n\t\t<\/div>\n\t\t\t\t\t\t<\/div>\n\t\t\t\t\t<\/div>\n\t\t\t\t<\/div>\n\t\t<div class=\"elementor-element elementor-element-4abf8be e-flex e-con-boxed e-con e-parent\" data-id=\"4abf8be\" data-element_type=\"container\">\n\t\t\t\t\t<div class=\"e-con-inner\">\n\t\t\t\t<div class=\"elementor-element elementor-element-0a7a522 elementor-position-right elementor-vertical-align-top elementor-widget elementor-widget-image-box\" data-id=\"0a7a522\" data-element_type=\"widget\" data-widget_type=\"image-box.default\">\n\t\t\t\t\t<div class=\"elementor-image-box-wrapper\"><figure class=\"elementor-image-box-img\"><img decoding=\"async\" width=\"1024\" height=\"1024\" src=\"https:\/\/entre-les-lignes.ovh\/wp-content\/uploads\/2025\/10\/ChatGPT-Image-17-oct.-2025-22_10_30-2.png\" class=\"attachment-full size-full wp-image-37\" alt=\"\" srcset=\"https:\/\/entre-les-lignes.ovh\/wp-content\/uploads\/2025\/10\/ChatGPT-Image-17-oct.-2025-22_10_30-2.png 1024w, https:\/\/entre-les-lignes.ovh\/wp-content\/uploads\/2025\/10\/ChatGPT-Image-17-oct.-2025-22_10_30-2-300x300.png 300w, https:\/\/entre-les-lignes.ovh\/wp-content\/uploads\/2025\/10\/ChatGPT-Image-17-oct.-2025-22_10_30-2-150x150.png 150w, https:\/\/entre-les-lignes.ovh\/wp-content\/uploads\/2025\/10\/ChatGPT-Image-17-oct.-2025-22_10_30-2-768x768.png 768w\" sizes=\"(max-width: 1024px) 100vw, 1024px\" \/><\/figure><div class=\"elementor-image-box-content\"><h3 class=\"elementor-image-box-title\">Entre les lignes<\/h3><p class=\"elementor-image-box-description\">Entre les Lignes, c\u2019est un carnet \u00e0 ciel ouvert.\nUn lieu o\u00f9 la culture rencontre la r\u00e9flexion, o\u00f9 les mots se m\u00ealent \u00e0 la vie, avec douceur, parfois avec fi\u00e8vre, toujours avec sinc\u00e9rit\u00e9.<\/p><\/div><\/div>\t\t\t\t<\/div>\n\t\t\t\t\t<\/div>\n\t\t\t\t<\/div>\n\t\t<div class=\"elementor-element elementor-element-823fe1c e-flex e-con-boxed e-con e-parent\" data-id=\"823fe1c\" data-element_type=\"container\">\n\t\t\t\t\t<div class=\"e-con-inner\">\n\t\t\t\t<div class=\"elementor-element elementor-element-343d272 elementor-widget-divider--view-line elementor-widget elementor-widget-divider\" data-id=\"343d272\" data-element_type=\"widget\" data-widget_type=\"divider.default\">\n\t\t\t\t\t\t\t<div class=\"elementor-divider\">\n\t\t\t<span class=\"elementor-divider-separator\">\n\t\t\t\t\t\t<\/span>\n\t\t<\/div>\n\t\t\t\t\t\t<\/div>\n\t\t\t\t\t<\/div>\n\t\t\t\t<\/div>\n\t\t<div class=\"elementor-element elementor-element-f25da28 e-flex e-con-boxed e-con e-parent\" data-id=\"f25da28\" data-element_type=\"container\">\n\t\t\t\t\t<div class=\"e-con-inner\">\n\t\t\t\t<div class=\"elementor-element elementor-element-2236f4a elementor-widget elementor-widget-heading\" data-id=\"2236f4a\" data-element_type=\"widget\" data-widget_type=\"heading.default\">\n\t\t\t\t\t<h2 class=\"elementor-heading-title elementor-size-default\">Rubriques<\/h2>\t\t\t\t<\/div>\n\t\t\t\t\t<\/div>\n\t\t\t\t<\/div>\n\t\t<div class=\"elementor-element elementor-element-760d46c e-flex e-con-boxed e-con e-parent\" data-id=\"760d46c\" data-element_type=\"container\" data-settings=\"{&quot;background_background&quot;:&quot;classic&quot;}\">\n\t\t\t\t\t<div class=\"e-con-inner\">\n\t\t\t\t<div class=\"elementor-element elementor-element-34cbff8 elementor-widget elementor-widget-button\" data-id=\"34cbff8\" data-element_type=\"widget\" data-widget_type=\"button.default\">\n\t\t\t\t\t\t\t\t\t\t<a class=\"elementor-button elementor-button-link elementor-size-sm elementor-animation-grow\" href=\"https:\/\/entre-les-lignes.ovh\/index.php\/entre-les-plans\/\">\n\t\t\t\t\t\t<span class=\"elementor-button-content-wrapper\">\n\t\t\t\t\t\t\t\t\t<span class=\"elementor-button-text\">Entre les plans<\/span>\n\t\t\t\t\t<\/span>\n\t\t\t\t\t<\/a>\n\t\t\t\t\t\t\t\t<\/div>\n\t\t\t\t<div class=\"elementor-element elementor-element-80a242e elementor-widget elementor-widget-button\" data-id=\"80a242e\" data-element_type=\"widget\" data-widget_type=\"button.default\">\n\t\t\t\t\t\t\t\t\t\t<a class=\"elementor-button elementor-button-link elementor-size-sm elementor-animation-grow\" href=\"https:\/\/entre-les-lignes.ovh\/index.php\/entre-les-pensees\/\">\n\t\t\t\t\t\t<span class=\"elementor-button-content-wrapper\">\n\t\t\t\t\t\t\t\t\t<span class=\"elementor-button-text\">Entre les pens\u00e9es<\/span>\n\t\t\t\t\t<\/span>\n\t\t\t\t\t<\/a>\n\t\t\t\t\t\t\t\t<\/div>\n\t\t\t\t<div class=\"elementor-element elementor-element-8cd4908 elementor-widget elementor-widget-button\" data-id=\"8cd4908\" data-element_type=\"widget\" data-widget_type=\"button.default\">\n\t\t\t\t\t\t\t\t\t\t<a class=\"elementor-button elementor-button-link elementor-size-sm elementor-animation-grow\" href=\"https:\/\/entre-les-lignes.ovh\/index.php\/entre-les-mondes\/\">\n\t\t\t\t\t\t<span class=\"elementor-button-content-wrapper\">\n\t\t\t\t\t\t\t\t\t<span class=\"elementor-button-text\">Entre les mondes<\/span>\n\t\t\t\t\t<\/span>\n\t\t\t\t\t<\/a>\n\t\t\t\t\t\t\t\t<\/div>\n\t\t\t\t\t<\/div>\n\t\t\t\t<\/div>\n\t\t<div class=\"elementor-element elementor-element-7bc5953 e-flex e-con-boxed e-con e-parent\" data-id=\"7bc5953\" data-element_type=\"container\">\n\t\t\t\t\t<div class=\"e-con-inner\">\n\t\t\t\t<div class=\"elementor-element elementor-element-1e62442 elementor-widget-divider--view-line elementor-widget elementor-widget-divider\" data-id=\"1e62442\" data-element_type=\"widget\" data-widget_type=\"divider.default\">\n\t\t\t\t\t\t\t<div class=\"elementor-divider\">\n\t\t\t<span class=\"elementor-divider-separator\">\n\t\t\t\t\t\t<\/span>\n\t\t<\/div>\n\t\t\t\t\t\t<\/div>\n\t\t\t\t\t<\/div>\n\t\t\t\t<\/div>\n\t\t\t\t<\/div>\n\t\t","protected":false},"excerpt":{"rendered":"<p>Entre les lignes Des mots, des \u00e9motions, des id\u00e9es. Un peu de tout, un peu de moi. Entre les mondes Entre les pens\u00e9es Entre les plans Accueil Qui suis-je ? Je suis celle qui aime s\u2019arr\u00eater sur les d\u00e9tails, \u00e9couter les silences et lire entre les lignes du monde qui nous entoure. Sur ce blog, [&hellip;]<\/p>\n","protected":false},"author":1,"featured_media":0,"parent":0,"menu_order":0,"comment_status":"closed","ping_status":"closed","template":"elementor_canvas","meta":{"footnotes":""},"class_list":["post-31","page","type-page","status-publish","hentry"],"_links":{"self":[{"href":"https:\/\/entre-les-lignes.ovh\/index.php\/wp-json\/wp\/v2\/pages\/31","targetHints":{"allow":["GET"]}}],"collection":[{"href":"https:\/\/entre-les-lignes.ovh\/index.php\/wp-json\/wp\/v2\/pages"}],"about":[{"href":"https:\/\/entre-les-lignes.ovh\/index.php\/wp-json\/wp\/v2\/types\/page"}],"author":[{"embeddable":true,"href":"https:\/\/entre-les-lignes.ovh\/index.php\/wp-json\/wp\/v2\/users\/1"}],"replies":[{"embeddable":true,"href":"https:\/\/entre-les-lignes.ovh\/index.php\/wp-json\/wp\/v2\/comments?post=31"}],"version-history":[{"count":18,"href":"https:\/\/entre-les-lignes.ovh\/index.php\/wp-json\/wp\/v2\/pages\/31\/revisions"}],"predecessor-version":[{"id":243,"href":"https:\/\/entre-les-lignes.ovh\/index.php\/wp-json\/wp\/v2\/pages\/31\/revisions\/243"}],"wp:attachment":[{"href":"https:\/\/entre-les-lignes.ovh\/index.php\/wp-json\/wp\/v2\/media?parent=31"}],"curies":[{"name":"wp","href":"https:\/\/api.w.org\/{rel}","templated":true}]}}