{"id":61,"date":"2025-10-19T14:39:35","date_gmt":"2025-10-19T14:39:35","guid":{"rendered":"https:\/\/entre-les-lignes.ovh\/?page_id=61"},"modified":"2025-10-19T18:41:58","modified_gmt":"2025-10-19T18:41:58","slug":"entre-les-plans","status":"publish","type":"page","link":"https:\/\/entre-les-lignes.ovh\/index.php\/entre-les-plans\/","title":{"rendered":"Entre les plans"},"content":{"rendered":"\t\t<div data-elementor-type=\"wp-page\" data-elementor-id=\"61\" class=\"elementor elementor-61\">\n\t\t\t\t<div class=\"elementor-element elementor-element-70f2c44 e-flex e-con-boxed e-con e-parent\" data-id=\"70f2c44\" data-element_type=\"container\" data-settings=\"{&quot;background_background&quot;:&quot;classic&quot;}\">\n\t\t\t\t\t<div class=\"e-con-inner\">\n\t\t\t\t<div class=\"elementor-element elementor-element-ed61f87 elementor-widget elementor-widget-heading\" data-id=\"ed61f87\" data-element_type=\"widget\" data-widget_type=\"heading.default\">\n\t\t\t\t\t<h2 class=\"elementor-heading-title elementor-size-default\">Entre les lignes<\/h2>\t\t\t\t<\/div>\n\t\t\t\t<div class=\"elementor-element elementor-element-7cf751c elementor-widget elementor-widget-heading\" data-id=\"7cf751c\" data-element_type=\"widget\" data-widget_type=\"heading.default\">\n\t\t\t\t\t<h2 class=\"elementor-heading-title elementor-size-default\">Des mots, des \u00e9motions, des id\u00e9es. Un peu de tout, un peu de moi.<\/h2>\t\t\t\t<\/div>\n\t\t\t\t\t<\/div>\n\t\t\t\t<\/div>\n\t\t<div class=\"elementor-element elementor-element-94d7dc0 e-flex e-con-boxed e-con e-parent\" data-id=\"94d7dc0\" data-element_type=\"container\">\n\t\t\t\t\t<div class=\"e-con-inner\">\n\t\t\t\t<div class=\"elementor-element elementor-element-4318e35 elementor-widget-divider--view-line elementor-widget elementor-widget-divider\" data-id=\"4318e35\" data-element_type=\"widget\" data-widget_type=\"divider.default\">\n\t\t\t\t\t\t\t<div class=\"elementor-divider\">\n\t\t\t<span class=\"elementor-divider-separator\">\n\t\t\t\t\t\t<\/span>\n\t\t<\/div>\n\t\t\t\t\t\t<\/div>\n\t\t\t\t\t<\/div>\n\t\t\t\t<\/div>\n\t\t<div class=\"elementor-element elementor-element-25ec05e e-flex e-con-boxed e-con e-parent\" data-id=\"25ec05e\" data-element_type=\"container\">\n\t\t\t\t\t<div class=\"e-con-inner\">\n\t\t\t\t<div class=\"elementor-element elementor-element-0e982ed elementor-widget elementor-widget-button\" data-id=\"0e982ed\" data-element_type=\"widget\" data-widget_type=\"button.default\">\n\t\t\t\t\t\t\t\t\t\t<a class=\"elementor-button elementor-button-link elementor-size-sm elementor-animation-grow\" href=\"https:\/\/entre-les-lignes.ovh\/index.php\/entre-les-mondes\/\">\n\t\t\t\t\t\t<span class=\"elementor-button-content-wrapper\">\n\t\t\t\t\t\t\t\t\t<span class=\"elementor-button-text\">Entre les mondes<\/span>\n\t\t\t\t\t<\/span>\n\t\t\t\t\t<\/a>\n\t\t\t\t\t\t\t\t<\/div>\n\t\t\t\t<div class=\"elementor-element elementor-element-0b3ab24 elementor-widget elementor-widget-button\" data-id=\"0b3ab24\" data-element_type=\"widget\" data-widget_type=\"button.default\">\n\t\t\t\t\t\t\t\t\t\t<a class=\"elementor-button elementor-button-link elementor-size-sm elementor-animation-grow\" href=\"https:\/\/entre-les-lignes.ovh\/index.php\/entre-les-pensees\/\">\n\t\t\t\t\t\t<span class=\"elementor-button-content-wrapper\">\n\t\t\t\t\t\t\t\t\t<span class=\"elementor-button-text\">Entre les pens\u00e9es<\/span>\n\t\t\t\t\t<\/span>\n\t\t\t\t\t<\/a>\n\t\t\t\t\t\t\t\t<\/div>\n\t\t\t\t<div class=\"elementor-element elementor-element-96c76f2 elementor-widget elementor-widget-button\" data-id=\"96c76f2\" data-element_type=\"widget\" data-widget_type=\"button.default\">\n\t\t\t\t\t\t\t\t\t\t<a class=\"elementor-button elementor-button-link elementor-size-sm elementor-animation-grow\" href=\"https:\/\/entre-les-lignes.ovh\/index.php\/entre-les-plans\/\">\n\t\t\t\t\t\t<span class=\"elementor-button-content-wrapper\">\n\t\t\t\t\t\t\t\t\t<span class=\"elementor-button-text\">Entre les plans<\/span>\n\t\t\t\t\t<\/span>\n\t\t\t\t\t<\/a>\n\t\t\t\t\t\t\t\t<\/div>\n\t\t\t\t<div class=\"elementor-element elementor-element-c0836cb elementor-widget elementor-widget-button\" data-id=\"c0836cb\" data-element_type=\"widget\" data-widget_type=\"button.default\">\n\t\t\t\t\t\t\t\t\t\t<a class=\"elementor-button elementor-button-link elementor-size-sm elementor-animation-grow\" href=\"https:\/\/entre-les-lignes.ovh\/index.php\/acceuil\/\">\n\t\t\t\t\t\t<span class=\"elementor-button-content-wrapper\">\n\t\t\t\t\t\t\t\t\t<span class=\"elementor-button-text\">Accueil<\/span>\n\t\t\t\t\t<\/span>\n\t\t\t\t\t<\/a>\n\t\t\t\t\t\t\t\t<\/div>\n\t\t\t\t\t<\/div>\n\t\t\t\t<\/div>\n\t\t<div class=\"elementor-element elementor-element-2bd468f e-flex e-con-boxed e-con e-parent\" data-id=\"2bd468f\" data-element_type=\"container\">\n\t\t\t\t\t<div class=\"e-con-inner\">\n\t\t\t\t<div class=\"elementor-element elementor-element-3fc73ba elementor-widget-divider--view-line elementor-widget elementor-widget-divider\" data-id=\"3fc73ba\" data-element_type=\"widget\" data-widget_type=\"divider.default\">\n\t\t\t\t\t\t\t<div class=\"elementor-divider\">\n\t\t\t<span class=\"elementor-divider-separator\">\n\t\t\t\t\t\t<\/span>\n\t\t<\/div>\n\t\t\t\t\t\t<\/div>\n\t\t\t\t\t<\/div>\n\t\t\t\t<\/div>\n\t\t<div class=\"elementor-element elementor-element-aaf612d e-flex e-con-boxed e-con e-parent\" data-id=\"aaf612d\" data-element_type=\"container\" data-settings=\"{&quot;background_background&quot;:&quot;classic&quot;}\">\n\t\t\t\t\t<div class=\"e-con-inner\">\n\t\t\t\t<div class=\"elementor-element elementor-element-c853c1a elementor-widget elementor-widget-heading\" data-id=\"c853c1a\" data-element_type=\"widget\" data-widget_type=\"heading.default\">\n\t\t\t\t\t<h2 class=\"elementor-heading-title elementor-size-default\">Entre les plans<\/h2>\t\t\t\t<\/div>\n\t\t\t\t\t<\/div>\n\t\t\t\t<\/div>\n\t\t<div class=\"elementor-element elementor-element-3da6a7f e-flex e-con-boxed e-con e-parent\" data-id=\"3da6a7f\" data-element_type=\"container\" data-settings=\"{&quot;background_background&quot;:&quot;classic&quot;}\">\n\t\t\t\t\t<div class=\"e-con-inner\">\n\t\t\t\t<div class=\"elementor-element elementor-element-1346f40 elementor-widget elementor-widget-text-editor\" data-id=\"1346f40\" data-element_type=\"widget\" data-widget_type=\"text-editor.default\">\n\t\t\t\t\t\t\t\t\t<p>Ici, chaque image murmure une histoire, chaque plan fait vibrer une \u00e9motion.<br data-start=\"188\" data-end=\"191\" \/>Du cin\u00e9ma aux s\u00e9ries, j\u2019explore les ambiances et les univers visuels, toujours \u00e0 l\u2019aff\u00fbt de ce qui se glisse <strong data-start=\"333\" data-end=\"353\">entre les images<\/strong>, dans les silences et les non-dits de l\u2019\u00e9cran.<\/p>\t\t\t\t\t\t\t\t<\/div>\n\t\t\t\t\t<\/div>\n\t\t\t\t<\/div>\n\t\t<div class=\"elementor-element elementor-element-16dafc1 e-flex e-con-boxed e-con e-parent\" data-id=\"16dafc1\" data-element_type=\"container\">\n\t\t\t\t\t<div class=\"e-con-inner\">\n\t\t\t\t<div class=\"elementor-element elementor-element-01d38e5 elementor-widget-divider--view-line elementor-widget elementor-widget-divider\" data-id=\"01d38e5\" data-element_type=\"widget\" data-widget_type=\"divider.default\">\n\t\t\t\t\t\t\t<div class=\"elementor-divider\">\n\t\t\t<span class=\"elementor-divider-separator\">\n\t\t\t\t\t\t<\/span>\n\t\t<\/div>\n\t\t\t\t\t\t<\/div>\n\t\t\t\t\t<\/div>\n\t\t\t\t<\/div>\n\t\t<div class=\"elementor-element elementor-element-6af8db6 e-flex e-con-boxed e-con e-parent\" data-id=\"6af8db6\" data-element_type=\"container\" data-settings=\"{&quot;background_background&quot;:&quot;classic&quot;}\">\n\t\t\t\t\t<div class=\"e-con-inner\">\n\t\t\t\t<div class=\"elementor-element elementor-element-56491d5 elementor-widget elementor-widget-text-editor\" data-id=\"56491d5\" data-element_type=\"widget\" data-widget_type=\"text-editor.default\">\n\t\t\t\t\t\t\t\t\t<p><strong>\u00ab\u00a0L&rsquo;art nous est donn\u00e9 pour nous emp\u00eacher de mourir de la v\u00e9rit\u00e9.\u00a0\u00bb\u00a0 \u00a0 \u00a0 <\/strong><\/p><p><em><strong>Andrei Tarkovski<\/strong><\/em><\/p>\t\t\t\t\t\t\t\t<\/div>\n\t\t\t\t\t<\/div>\n\t\t\t\t<\/div>\n\t\t<div class=\"elementor-element elementor-element-677d00a e-flex e-con-boxed e-con e-parent\" data-id=\"677d00a\" data-element_type=\"container\">\n\t\t\t\t\t<div class=\"e-con-inner\">\n\t\t\t\t<div class=\"elementor-element elementor-element-86337fc elementor-widget-divider--view-line elementor-widget elementor-widget-divider\" data-id=\"86337fc\" data-element_type=\"widget\" data-widget_type=\"divider.default\">\n\t\t\t\t\t\t\t<div class=\"elementor-divider\">\n\t\t\t<span class=\"elementor-divider-separator\">\n\t\t\t\t\t\t<\/span>\n\t\t<\/div>\n\t\t\t\t\t\t<\/div>\n\t\t\t\t\t<\/div>\n\t\t\t\t<\/div>\n\t\t<div class=\"elementor-element elementor-element-e074c65 e-flex e-con-boxed e-con e-parent\" data-id=\"e074c65\" data-element_type=\"container\" data-settings=\"{&quot;background_background&quot;:&quot;classic&quot;}\">\n\t\t\t\t\t<div class=\"e-con-inner\">\n\t\t\t\t<div class=\"elementor-element elementor-element-62e8775 elementor-widget-divider--view-line elementor-widget elementor-widget-divider\" data-id=\"62e8775\" data-element_type=\"widget\" data-widget_type=\"divider.default\">\n\t\t\t\t\t\t\t<div class=\"elementor-divider\">\n\t\t\t<span class=\"elementor-divider-separator\">\n\t\t\t\t\t\t<\/span>\n\t\t<\/div>\n\t\t\t\t\t\t<\/div>\n\t\t\t\t<div class=\"elementor-element elementor-element-44531f4 elementor-widget elementor-widget-heading\" data-id=\"44531f4\" data-element_type=\"widget\" data-widget_type=\"heading.default\">\n\t\t\t\t\t<h2 class=\"elementor-heading-title elementor-size-default\">Quelques faits<\/h2>\t\t\t\t<\/div>\n\t\t\t\t<div class=\"elementor-element elementor-element-2cc3079 elementor-widget elementor-widget-text-editor\" data-id=\"2cc3079\" data-element_type=\"widget\" data-widget_type=\"text-editor.default\">\n\t\t\t\t\t\t\t\t\t<p><span style=\"text-decoration: underline;\"><a href=\"https:\/\/www.hollywoodreporter.com\/movies\/movie-news\/dark-knight-heath-ledger-asked-christian-bale-hit-him-real-1049304\/\" target=\"_blank\" rel=\"noopener\">Heath Ledger s&rsquo;est enferm\u00e9 dans une chambre d&rsquo;h\u00f4tel pendant six semaines pour d\u00e9velopper le Joker, Il a aussi demand\u00e9 \u00e0 Christopher Nolan que les autres acteurs le frappent vraiment pendant les sc\u00e8nes d&rsquo;interrogatoire.<\/a><\/span><\/p>\t\t\t\t\t\t\t\t<\/div>\n\t\t\t\t<div class=\"elementor-element elementor-element-2ed8625 elementor-widget elementor-widget-text-editor\" data-id=\"2ed8625\" data-element_type=\"widget\" data-widget_type=\"text-editor.default\">\n\t\t\t\t\t\t\t\t\t<p><a href=\"https:\/\/www.rollingstone.com\/tv-movies\/tv-movie-features\/shelley-duvall-battles-jack-nicholson-the-shining-1235058207\/\" target=\"_blank\" rel=\"noopener\"><span style=\"text-decoration: underline;\">Dans The Shining, Shelley Duvall a vraiment pleur\u00e9 et \u00e9t\u00e9 terroris\u00e9e <\/span><\/a><\/p>\t\t\t\t\t\t\t\t<\/div>\n\t\t\t\t<div class=\"elementor-element elementor-element-799011b elementor-widget elementor-widget-text-editor\" data-id=\"799011b\" data-element_type=\"widget\" data-widget_type=\"text-editor.default\">\n\t\t\t\t\t\t\t\t\t<p><a href=\"https:\/\/www.stanwinstonschool.com\/blog\/jurassic-park-t-rex-robot-almost-eats-crewmember\" target=\"_blank\" rel=\"noopener\"><span style=\"text-decoration: underline;\">Le T-Rex de Jurassic Park dysfonctionnait constamment sous la pluie artificielle. Entre les prises, il se mettait en marche tout seul et bougeait, terrifiant l&rsquo;\u00e9quipe technique.<\/span><\/a><\/p>\t\t\t\t\t\t\t\t<\/div>\n\t\t\t\t<div class=\"elementor-element elementor-element-3d69032 elementor-widget-divider--view-line elementor-widget elementor-widget-divider\" data-id=\"3d69032\" data-element_type=\"widget\" data-widget_type=\"divider.default\">\n\t\t\t\t\t\t\t<div class=\"elementor-divider\">\n\t\t\t<span class=\"elementor-divider-separator\">\n\t\t\t\t\t\t<\/span>\n\t\t<\/div>\n\t\t\t\t\t\t<\/div>\n\t\t\t\t\t<\/div>\n\t\t\t\t<\/div>\n\t\t<div class=\"elementor-element elementor-element-29198b8 e-flex e-con-boxed e-con e-parent\" data-id=\"29198b8\" data-element_type=\"container\">\n\t\t\t\t\t<div class=\"e-con-inner\">\n\t\t\t\t<div class=\"elementor-element elementor-element-1a89c88 elementor-position-left elementor-vertical-align-middle elementor-widget elementor-widget-image-box\" data-id=\"1a89c88\" data-element_type=\"widget\" data-widget_type=\"image-box.default\">\n\t\t\t\t\t<div class=\"elementor-image-box-wrapper\"><figure class=\"elementor-image-box-img\"><img fetchpriority=\"high\" decoding=\"async\" width=\"743\" height=\"495\" src=\"https:\/\/entre-les-lignes.ovh\/wp-content\/uploads\/2025\/10\/Capture-decran-2025-10-18-a-12.20.54.png\" class=\"attachment-full size-full wp-image-67\" alt=\"\" srcset=\"https:\/\/entre-les-lignes.ovh\/wp-content\/uploads\/2025\/10\/Capture-decran-2025-10-18-a-12.20.54.png 743w, https:\/\/entre-les-lignes.ovh\/wp-content\/uploads\/2025\/10\/Capture-decran-2025-10-18-a-12.20.54-300x200.png 300w\" sizes=\"(max-width: 743px) 100vw, 743px\" \/><\/figure><div class=\"elementor-image-box-content\"><h3 class=\"elementor-image-box-title\">Entre les plans<\/h3><p class=\"elementor-image-box-description\">Ce qui rend le cin\u00e9ma si magique, ce n'est pas toujours ce que l'on voit, mais ce qui se dissimule entre deux images. L'invisible se trouve entre les plans : les choix du r\u00e9alisateur, ceux du directeur photo, les accidents de tournage. Explorons les espaces secrets o\u00f9 le cin\u00e9ma prend naissance : ces moments suspendus entre l'intention et le r\u00e9sultat, entre la technique et l'\u00e9motion, entre ce qui est film\u00e9 et ce qui est ressenti. Je vous exposerai les anecdotes de tournage, les faits r\u00e9els parfois surprenants, les complications qui touchent \u00e0 la r\u00e9alisation, l'avis de la presse, ceux des spectateurs et des cin\u00e9philes, mais je donnerai bien \u00e9videmment mon avis. Partageons la passion du cin\u00e9ma aux gens qui ont oubli\u00e9 l'\u00e9vasion que procure la magie de l'\u00e9cran.<\/p><\/div><\/div>\t\t\t\t<\/div>\n\t\t\t\t\t<\/div>\n\t\t\t\t<\/div>\n\t\t<div class=\"elementor-element elementor-element-0a5eabc e-flex e-con-boxed e-con e-parent\" data-id=\"0a5eabc\" data-element_type=\"container\">\n\t\t\t\t\t<div class=\"e-con-inner\">\n\t\t\t\t<div class=\"elementor-element elementor-element-31d4d24 elementor-widget-divider--view-line elementor-widget elementor-widget-divider\" data-id=\"31d4d24\" data-element_type=\"widget\" data-widget_type=\"divider.default\">\n\t\t\t\t\t\t\t<div class=\"elementor-divider\">\n\t\t\t<span class=\"elementor-divider-separator\">\n\t\t\t\t\t\t<\/span>\n\t\t<\/div>\n\t\t\t\t\t\t<\/div>\n\t\t\t\t\t<\/div>\n\t\t\t\t<\/div>\n\t\t<div class=\"elementor-element elementor-element-fe25deb e-flex e-con-boxed e-con e-parent\" data-id=\"fe25deb\" data-element_type=\"container\" data-settings=\"{&quot;background_background&quot;:&quot;classic&quot;}\">\n\t\t\t\t\t<div class=\"e-con-inner\">\n\t\t\t\t<div class=\"elementor-element elementor-element-790b1ed elementor-widget elementor-widget-text-editor\" data-id=\"790b1ed\" data-element_type=\"widget\" data-widget_type=\"text-editor.default\">\n\t\t\t\t\t\t\t\t\t<p><strong>\u00ab\u00a0Faire voir par l&rsquo;inexplicable, non par l&rsquo;explication.\u00a0\u00bb<\/strong><\/p><p><em><strong>Robert Bresson<\/strong><\/em><\/p>\t\t\t\t\t\t\t\t<\/div>\n\t\t\t\t\t<\/div>\n\t\t\t\t<\/div>\n\t\t<div class=\"elementor-element elementor-element-58a771d e-flex e-con-boxed e-con e-parent\" data-id=\"58a771d\" data-element_type=\"container\">\n\t\t\t\t\t<div class=\"e-con-inner\">\n\t\t\t\t<div class=\"elementor-element elementor-element-41f13e1 elementor-widget-divider--view-line elementor-widget elementor-widget-divider\" data-id=\"41f13e1\" data-element_type=\"widget\" data-widget_type=\"divider.default\">\n\t\t\t\t\t\t\t<div class=\"elementor-divider\">\n\t\t\t<span class=\"elementor-divider-separator\">\n\t\t\t\t\t\t<\/span>\n\t\t<\/div>\n\t\t\t\t\t\t<\/div>\n\t\t\t\t\t<\/div>\n\t\t\t\t<\/div>\n\t\t<div class=\"elementor-element elementor-element-2300344 e-flex e-con-boxed e-con e-parent\" data-id=\"2300344\" data-element_type=\"container\" data-settings=\"{&quot;background_background&quot;:&quot;classic&quot;}\">\n\t\t\t\t\t<div class=\"e-con-inner\">\n\t\t\t\t<div class=\"elementor-element elementor-element-d4ba1d4 elementor-widget elementor-widget-heading\" data-id=\"d4ba1d4\" data-element_type=\"widget\" data-widget_type=\"heading.default\">\n\t\t\t\t\t<h2 class=\"elementor-heading-title elementor-size-default\">Les films<\/h2>\t\t\t\t<\/div>\n\t\t\t\t<div class=\"elementor-element elementor-element-e050127 elementor-widget elementor-widget-text-editor\" data-id=\"e050127\" data-element_type=\"widget\" data-widget_type=\"text-editor.default\">\n\t\t\t\t\t\t\t\t\t<p><strong>=&gt;<\/strong><\/p>\t\t\t\t\t\t\t\t<\/div>\n\t\t\t\t<div class=\"elementor-element elementor-element-66066a5 elementor-widget elementor-widget-heading\" data-id=\"66066a5\" data-element_type=\"widget\" data-widget_type=\"heading.default\">\n\t\t\t\t\t<h2 class=\"elementor-heading-title elementor-size-default\">Les s\u00e9ries<\/h2>\t\t\t\t<\/div>\n\t\t\t\t<div class=\"elementor-element elementor-element-547aa90 elementor-widget elementor-widget-text-editor\" data-id=\"547aa90\" data-element_type=\"widget\" data-widget_type=\"text-editor.default\">\n\t\t\t\t\t\t\t\t\t<p><strong>=&gt; Ed Gein<\/strong><\/p>\t\t\t\t\t\t\t\t<\/div>\n\t\t\t\t\t<\/div>\n\t\t\t\t<\/div>\n\t\t<div class=\"elementor-element elementor-element-60e5ecb e-flex e-con-boxed e-con e-parent\" data-id=\"60e5ecb\" data-element_type=\"container\">\n\t\t\t\t\t<div class=\"e-con-inner\">\n\t\t\t\t<div class=\"elementor-element elementor-element-2a85c4f elementor-widget-divider--view-line elementor-widget elementor-widget-divider\" data-id=\"2a85c4f\" data-element_type=\"widget\" data-widget_type=\"divider.default\">\n\t\t\t\t\t\t\t<div class=\"elementor-divider\">\n\t\t\t<span class=\"elementor-divider-separator\">\n\t\t\t\t\t\t<\/span>\n\t\t<\/div>\n\t\t\t\t\t\t<\/div>\n\t\t\t\t\t<\/div>\n\t\t\t\t<\/div>\n\t\t<div class=\"elementor-element elementor-element-e703141 e-flex e-con-boxed e-con e-parent\" data-id=\"e703141\" data-element_type=\"container\">\n\t\t\t\t\t<div class=\"e-con-inner\">\n\t\t\t\t<div class=\"elementor-element elementor-element-0ffbf75 elementor-widget elementor-widget-heading\" data-id=\"0ffbf75\" data-element_type=\"widget\" data-widget_type=\"heading.default\">\n\t\t\t\t\t<h2 class=\"elementor-heading-title elementor-size-default\">Rubriques<\/h2>\t\t\t\t<\/div>\n\t\t\t\t\t<\/div>\n\t\t\t\t<\/div>\n\t\t<div class=\"elementor-element elementor-element-cdf2b86 e-flex e-con-boxed e-con e-parent\" data-id=\"cdf2b86\" data-element_type=\"container\" data-settings=\"{&quot;background_background&quot;:&quot;classic&quot;}\">\n\t\t\t\t\t<div class=\"e-con-inner\">\n\t\t\t\t<div class=\"elementor-element elementor-element-f568aaf elementor-widget elementor-widget-button\" data-id=\"f568aaf\" data-element_type=\"widget\" data-widget_type=\"button.default\">\n\t\t\t\t\t\t\t\t\t\t<a class=\"elementor-button elementor-button-link elementor-size-sm elementor-animation-grow\" href=\"https:\/\/entre-les-lignes.ovh\/index.php\/entre-les-plans\/\">\n\t\t\t\t\t\t<span class=\"elementor-button-content-wrapper\">\n\t\t\t\t\t\t\t\t\t<span class=\"elementor-button-text\">Entre les plans<\/span>\n\t\t\t\t\t<\/span>\n\t\t\t\t\t<\/a>\n\t\t\t\t\t\t\t\t<\/div>\n\t\t\t\t<div class=\"elementor-element elementor-element-ffd7c98 elementor-widget elementor-widget-button\" data-id=\"ffd7c98\" data-element_type=\"widget\" data-widget_type=\"button.default\">\n\t\t\t\t\t\t\t\t\t\t<a class=\"elementor-button elementor-button-link elementor-size-sm elementor-animation-grow\" href=\"https:\/\/entre-les-lignes.ovh\/index.php\/entre-les-pensees\/\">\n\t\t\t\t\t\t<span class=\"elementor-button-content-wrapper\">\n\t\t\t\t\t\t\t\t\t<span class=\"elementor-button-text\">Entre les pens\u00e9es<\/span>\n\t\t\t\t\t<\/span>\n\t\t\t\t\t<\/a>\n\t\t\t\t\t\t\t\t<\/div>\n\t\t\t\t<div class=\"elementor-element elementor-element-dedac7a elementor-widget elementor-widget-button\" data-id=\"dedac7a\" data-element_type=\"widget\" data-widget_type=\"button.default\">\n\t\t\t\t\t\t\t\t\t\t<a class=\"elementor-button elementor-button-link elementor-size-sm elementor-animation-grow\" href=\"https:\/\/entre-les-lignes.ovh\/index.php\/entre-les-mondes\/\">\n\t\t\t\t\t\t<span class=\"elementor-button-content-wrapper\">\n\t\t\t\t\t\t\t\t\t<span class=\"elementor-button-text\">Entre les mondes<\/span>\n\t\t\t\t\t<\/span>\n\t\t\t\t\t<\/a>\n\t\t\t\t\t\t\t\t<\/div>\n\t\t\t\t\t<\/div>\n\t\t\t\t<\/div>\n\t\t<div class=\"elementor-element elementor-element-941d456 e-flex e-con-boxed e-con e-parent\" data-id=\"941d456\" data-element_type=\"container\">\n\t\t\t\t\t<div class=\"e-con-inner\">\n\t\t\t\t<div class=\"elementor-element elementor-element-7e1cd46 elementor-widget-divider--view-line elementor-widget elementor-widget-divider\" data-id=\"7e1cd46\" data-element_type=\"widget\" data-widget_type=\"divider.default\">\n\t\t\t\t\t\t\t<div class=\"elementor-divider\">\n\t\t\t<span class=\"elementor-divider-separator\">\n\t\t\t\t\t\t<\/span>\n\t\t<\/div>\n\t\t\t\t\t\t<\/div>\n\t\t\t\t\t<\/div>\n\t\t\t\t<\/div>\n\t\t\t\t<\/div>\n\t\t","protected":false},"excerpt":{"rendered":"<p>Entre les lignes Des mots, des \u00e9motions, des id\u00e9es. Un peu de tout, un peu de moi. Entre les mondes Entre les pens\u00e9es Entre les plans Accueil Entre les plans Ici, chaque image murmure une histoire, chaque plan fait vibrer une \u00e9motion.Du cin\u00e9ma aux s\u00e9ries, j\u2019explore les ambiances et les univers visuels, toujours \u00e0 l\u2019aff\u00fbt [&hellip;]<\/p>\n","protected":false},"author":1,"featured_media":0,"parent":0,"menu_order":0,"comment_status":"closed","ping_status":"closed","template":"elementor_canvas","meta":{"footnotes":""},"class_list":["post-61","page","type-page","status-publish","hentry"],"_links":{"self":[{"href":"https:\/\/entre-les-lignes.ovh\/index.php\/wp-json\/wp\/v2\/pages\/61","targetHints":{"allow":["GET"]}}],"collection":[{"href":"https:\/\/entre-les-lignes.ovh\/index.php\/wp-json\/wp\/v2\/pages"}],"about":[{"href":"https:\/\/entre-les-lignes.ovh\/index.php\/wp-json\/wp\/v2\/types\/page"}],"author":[{"embeddable":true,"href":"https:\/\/entre-les-lignes.ovh\/index.php\/wp-json\/wp\/v2\/users\/1"}],"replies":[{"embeddable":true,"href":"https:\/\/entre-les-lignes.ovh\/index.php\/wp-json\/wp\/v2\/comments?post=61"}],"version-history":[{"count":34,"href":"https:\/\/entre-les-lignes.ovh\/index.php\/wp-json\/wp\/v2\/pages\/61\/revisions"}],"predecessor-version":[{"id":263,"href":"https:\/\/entre-les-lignes.ovh\/index.php\/wp-json\/wp\/v2\/pages\/61\/revisions\/263"}],"wp:attachment":[{"href":"https:\/\/entre-les-lignes.ovh\/index.php\/wp-json\/wp\/v2\/media?parent=61"}],"curies":[{"name":"wp","href":"https:\/\/api.w.org\/{rel}","templated":true}]}}